{"id":3324,"date":"2025-02-20T12:45:14","date_gmt":"2025-02-20T11:45:14","guid":{"rendered":"https:\/\/www.hoteltymad.com\/?page_id=3324"},"modified":"2025-03-24T10:21:06","modified_gmt":"2025-03-24T09:21:06","slug":"cookie","status":"publish","type":"page","link":"https:\/\/www.hoteltymad.com\/en\/cookie\/","title":{"rendered":"Cookie"},"content":{"rendered":"\t\t<div data-elementor-type=\"wp-page\" data-elementor-id=\"3324\" class=\"elementor elementor-3324 elementor-3\" data-elementor-post-type=\"page\">\n\t\t\t\t<div class=\"elementor-element elementor-element-f5b4015 e-flex e-con-boxed e-con e-parent\" data-id=\"f5b4015\" data-element_type=\"container\" data-e-type=\"container\" data-settings=\"{&quot;background_background&quot;:&quot;classic&quot;}\">\n\t\t\t\t\t<div class=\"e-con-inner\">\n\t\t\t\t<div class=\"elementor-element elementor-element-071f049 elementor-hidden-widescreen elementor-hidden-desktop elementor-hidden-laptop elementor-hidden-tablet_extra elementor-hidden-tablet elementor-hidden-mobile_extra elementor-hidden-mobile elementor-widget elementor-widget-text-editor\" data-id=\"071f049\" data-element_type=\"widget\" data-e-type=\"widget\" data-widget_type=\"text-editor.default\">\n\t\t\t\t<div class=\"elementor-widget-container\">\n\t\t\t\t\t\t\t\t\t\n<h2 class=\"wp-block-heading\">Qui sommes-nous\u00a0?<\/h2>\n\n<strong class=\"privacy-policy-tutorial\">Texte sugg\u00e9r\u00e9\u00a0: <\/strong>L\u2019adresse de notre site est\u00a0: https:\/\/www.hoteltymad.com\/v2025.\n<h2 class=\"wp-block-heading\">Commentaires<\/h2>\n<strong class=\"privacy-policy-tutorial\">Texte sugg\u00e9r\u00e9\u00a0: <\/strong>Quand vous laissez un commentaire sur notre site, les donn\u00e9es inscrites dans le formulaire de commentaire, ainsi que votre adresse IP et l\u2019agent utilisateur de votre navigateur sont collect\u00e9s pour nous aider \u00e0 la d\u00e9tection des commentaires ind\u00e9sirables.\n\nUne cha\u00eene anonymis\u00e9e cr\u00e9\u00e9e \u00e0 partir de votre adresse e-mail (\u00e9galement appel\u00e9e hash) peut \u00eatre envoy\u00e9e au service Gravatar pour v\u00e9rifier si vous utilisez ce dernier. Les clauses de confidentialit\u00e9 du service Gravatar sont disponibles ici\u00a0: https:\/\/automattic.com\/privacy\/. Apr\u00e8s validation de votre commentaire, votre photo de profil sera visible publiquement \u00e0 cot\u00e9 de votre commentaire.\n<h2 class=\"wp-block-heading\">M\u00e9dias<\/h2>\n<strong class=\"privacy-policy-tutorial\">Texte sugg\u00e9r\u00e9\u00a0: <\/strong>Si vous t\u00e9l\u00e9versez des images sur le site, nous vous conseillons d\u2019\u00e9viter de t\u00e9l\u00e9verser des images contenant des donn\u00e9es EXIF de coordonn\u00e9es GPS. Les personnes visitant votre site peuvent t\u00e9l\u00e9charger et extraire des donn\u00e9es de localisation depuis ces images.\n<h2 class=\"wp-block-heading\">Cookies<\/h2>\n<strong class=\"privacy-policy-tutorial\">Texte sugg\u00e9r\u00e9\u00a0: <\/strong>Si vous d\u00e9posez un commentaire sur notre site, il vous sera propos\u00e9 d\u2019enregistrer votre nom, adresse e-mail et site dans des cookies. C\u2019est uniquement pour votre confort afin de ne pas avoir \u00e0 saisir ces informations si vous d\u00e9posez un autre commentaire plus tard. Ces cookies expirent au bout d\u2019un an.\n\nSi vous vous rendez sur la page de connexion, un cookie temporaire sera cr\u00e9\u00e9 afin de d\u00e9terminer si votre navigateur accepte les cookies. Il ne contient pas de donn\u00e9es personnelles et sera supprim\u00e9 automatiquement \u00e0 la fermeture de votre navigateur.\n\nLorsque vous vous connecterez, nous mettrons en place un certain nombre de cookies pour enregistrer vos informations de connexion et vos pr\u00e9f\u00e9rences d\u2019\u00e9cran. La dur\u00e9e de vie d\u2019un cookie de connexion est de deux jours, celle d\u2019un cookie d\u2019option d\u2019\u00e9cran est d\u2019un an. Si vous cochez \u00ab\u00a0Se souvenir de moi\u00a0\u00bb, votre cookie de connexion sera conserv\u00e9 pendant deux semaines. Si vous vous d\u00e9connectez de votre compte, le cookie de connexion sera effac\u00e9.\n\nEn modifiant ou en publiant une publication, un cookie suppl\u00e9mentaire sera enregistr\u00e9 dans votre navigateur. Ce cookie ne comprend aucune donn\u00e9e personnelle. Il indique simplement l\u2019ID de la publication que vous venez de modifier. Il expire au bout d\u2019un jour.\n<h2 class=\"wp-block-heading\">Contenu embarqu\u00e9 depuis d\u2019autres sites<\/h2>\n<strong class=\"privacy-policy-tutorial\">Texte sugg\u00e9r\u00e9\u00a0: <\/strong>Les articles de ce site peuvent inclure des contenus int\u00e9gr\u00e9s (par exemple des vid\u00e9os, images, articles\u2026). Le contenu int\u00e9gr\u00e9 depuis d\u2019autres sites se comporte de la m\u00eame mani\u00e8re que si le visiteur se rendait sur cet autre site.\n\nCes sites web pourraient collecter des donn\u00e9es sur vous, utiliser des cookies, embarquer des outils de suivis tiers, suivre vos interactions avec ces contenus embarqu\u00e9s si vous disposez d\u2019un compte connect\u00e9 sur leur site web.\n<h2 class=\"wp-block-heading\">Utilisation et transmission de vos donn\u00e9es personnelles<\/h2>\n<strong class=\"privacy-policy-tutorial\">Texte sugg\u00e9r\u00e9\u00a0: <\/strong>Si vous demandez une r\u00e9initialisation de votre mot de passe, votre adresse IP sera incluse dans l\u2019e-mail de r\u00e9initialisation.\n<h2 class=\"wp-block-heading\">Dur\u00e9es de stockage de vos donn\u00e9es<\/h2>\n<strong class=\"privacy-policy-tutorial\">Texte sugg\u00e9r\u00e9\u00a0: <\/strong>Si vous laissez un commentaire, le commentaire et ses m\u00e9tadonn\u00e9es sont conserv\u00e9s ind\u00e9finiment. Cela permet de reconna\u00eetre et approuver automatiquement les commentaires suivants au lieu de les laisser dans la file de mod\u00e9ration.\n\nPour les comptes qui s\u2019inscrivent sur notre site (le cas \u00e9ch\u00e9ant), nous stockons \u00e9galement les donn\u00e9es personnelles indiqu\u00e9es dans leur profil. Tous les comptes peuvent voir, modifier ou supprimer leurs informations personnelles \u00e0 tout moment (\u00e0 l\u2019exception de leur identifiant). Les gestionnaires du site peuvent aussi voir et modifier ces informations.\n<h2 class=\"wp-block-heading\">Les droits que vous avez sur vos donn\u00e9es<\/h2>\n<strong class=\"privacy-policy-tutorial\">Texte sugg\u00e9r\u00e9\u00a0: <\/strong>Si vous avez un compte ou si vous avez laiss\u00e9 des commentaires sur le site, vous pouvez demander \u00e0 recevoir un fichier contenant toutes les donn\u00e9es personnelles que nous poss\u00e9dons \u00e0 votre sujet, incluant celles que vous nous avez fournies. Vous pouvez \u00e9galement demander la suppression des donn\u00e9es personnelles vous concernant. Cela ne prend pas en compte les donn\u00e9es stock\u00e9es \u00e0 des fins administratives, l\u00e9gales ou pour des raisons de s\u00e9curit\u00e9.\n<h2 class=\"wp-block-heading\">O\u00f9 vos donn\u00e9es sont envoy\u00e9es<\/h2>\n<strong class=\"privacy-policy-tutorial\">Texte sugg\u00e9r\u00e9\u00a0: <\/strong>Les commentaires des visiteurs peuvent \u00eatre v\u00e9rifi\u00e9s \u00e0 l\u2019aide d\u2019un service automatis\u00e9 de d\u00e9tection des commentaires ind\u00e9sirables.\t\t\t\t\t\t\t\t<\/div>\n\t\t\t\t<\/div>\n\t\t\t\t<div class=\"elementor-element elementor-element-b68742e elementor-widget elementor-widget-text-editor\" data-id=\"b68742e\" data-element_type=\"widget\" data-e-type=\"widget\" data-widget_type=\"text-editor.default\">\n\t\t\t\t<div class=\"elementor-widget-container\">\n\t\t\t\t\t\t\t\t\t<p><span style=\"color: #207277;\">Who are we?<br \/><\/span>The address of our site is: https:\/\/www.hoteltymad.com<\/p><p><span style=\"color: #207277;\">Comments<br \/><\/span>When you leave a comment on our site, the data entered in the comment form, along with your IP address and the user agent of your browser, are collected to help us detect spam comments.<\/p><p>An anonymized string created from your email address (also called a hash) may be sent to the Gravatar service to check if you are using it. The Gravatar service privacy policy is available here: https:\/\/automattic.com\/privacy\/. After your comment is approved, your profile picture will be publicly visible next to your comment.<\/p><p><span style=\"color: #207277;\">Media<br \/><\/span>If you upload images to the site, we recommend avoiding uploading images containing EXIF data with GPS coordinates. Visitors to your site can download and extract location data from these images.<\/p><p><span style=\"color: #207277;\">Cookies<br \/><\/span>If you leave a comment on our site, you will be offered to save your name, email address, and site in cookies. This is solely for your convenience so that you won\u2019t have to re-enter this information if you leave another comment later. These cookies expire after one year.<\/p><p>If you visit the login page, a temporary cookie will be created to determine if your browser accepts cookies. It does not contain personal data and will be automatically deleted when you close your browser.<\/p><p>When you log in, we will set up several cookies to save your login information and screen preferences. The lifespan of a login cookie is two days, while that of a screen option cookie is one year. If you check \u201cRemember Me,\u201d your login cookie will be retained for two weeks. If you log out of your account, the login cookie will be deleted.<\/p><p>When you edit or publish a post, an additional cookie will be saved in your browser. This cookie does not include any personal data. It simply indicates the ID of the post you just edited. It expires after one day.<br \/><span style=\"color: #207277;\"><br \/>Embedded content from other sites<br \/><\/span>Articles on this site may include embedded content (e.g., videos, images, articles\u2026). Embedded content from other sites behaves in the same way as if the visitor visited that other site.<\/p><p>These websites may collect data about you, use cookies, embed third-party tracking tools, and track your interactions with that embedded content if you have an account connected to their website.<br \/><span style=\"color: #207277;\"><br \/>Use and transmission of your personal data<br \/><\/span>If you request a password reset, your IP address will be included in the reset email.<\/p><p><span style=\"color: #207277;\">Retention periods for your data<br \/><\/span>If you leave a comment, the comment and its metadata are retained indefinitely. This allows us to recognize and automatically approve subsequent comments instead of leaving them in the moderation queue.<\/p><p>For accounts that register on our site (if applicable), we also store the personal data indicated in their profile. All accounts can view, edit, or delete their personal information at any time (except for their username). Site managers can also view and edit this information.<\/p><p><span style=\"color: #207277;\">Your rights regarding your data<br \/><\/span>If you have an account or have left comments on the site, you can request to receive a file containing all the personal data we hold about you, including those you have provided to us. You can also request the deletion of your personal data. This does not include data stored for administrative, legal, or security purposes.<\/p><p><span style=\"color: #207277;\">Where your data is sent<br \/><\/span>Visitor comments may be checked through an automated spam detection service.<\/p>\t\t\t\t\t\t\t\t<\/div>\n\t\t\t\t<\/div>\n\t\t\t\t\t<\/div>\n\t\t\t\t<\/div>\n\t\t\t\t<\/div>\n\t\t","protected":false},"excerpt":{"rendered":"<p>Qui sommes-nous\u00a0? Texte sugg\u00e9r\u00e9\u00a0: L\u2019adresse de notre site est\u00a0: https:\/\/www.hoteltymad.com\/v2025. Commentaires Texte sugg\u00e9r\u00e9\u00a0: Quand vous laissez un commentaire sur notre site, les donn\u00e9es inscrites dans le formulaire de commentaire, ainsi que votre adresse IP et l\u2019agent utilisateur de votre navigateur sont collect\u00e9s pour nous aider \u00e0 la d\u00e9tection des commentaires ind\u00e9sirables. Une cha\u00eene anonymis\u00e9e cr\u00e9\u00e9e [&hellip;]<\/p>\n","protected":false},"author":2,"featured_media":0,"parent":0,"menu_order":0,"comment_status":"closed","ping_status":"open","template":"","meta":{"footnotes":""},"class_list":["post-3324","page","type-page","status-publish","hentry"],"yoast_head":"<!-- This site is optimized with the Yoast SEO plugin v27.6 - https:\/\/yoast.com\/product\/yoast-seo-wordpress\/ -->\n<title>Cookie - Ty Mad - Hotel Spa in Brittany - Douarnenez<\/title>\n<meta name=\"robots\" content=\"index, follow, max-snippet:-1, max-image-preview:large, max-video-preview:-1\" \/>\n<link rel=\"canonical\" href=\"https:\/\/www.hoteltymad.com\/politique-de-confidentialite\/\" \/>\n<meta property=\"og:locale\" content=\"en_US\" \/>\n<meta property=\"og:type\" content=\"article\" \/>\n<meta property=\"og:title\" content=\"Cookie - Ty Mad - Hotel Spa in Brittany - Douarnenez\" \/>\n<meta property=\"og:description\" content=\"Qui sommes-nous\u00a0? Texte sugg\u00e9r\u00e9\u00a0: L\u2019adresse de notre site est\u00a0: https:\/\/www.hoteltymad.com\/v2025. Commentaires Texte sugg\u00e9r\u00e9\u00a0: Quand vous laissez un commentaire sur notre site, les donn\u00e9es inscrites dans le formulaire de commentaire, ainsi que votre adresse IP et l\u2019agent utilisateur de votre navigateur sont collect\u00e9s pour nous aider \u00e0 la d\u00e9tection des commentaires ind\u00e9sirables. Une cha\u00eene anonymis\u00e9e cr\u00e9\u00e9e [&hellip;]\" \/>\n<meta property=\"og:url\" content=\"https:\/\/www.hoteltymad.com\/politique-de-confidentialite\/\" \/>\n<meta property=\"og:site_name\" content=\"Ty Mad - Hotel Spa in Brittany - Douarnenez\" \/>\n<meta property=\"article:modified_time\" content=\"2025-03-24T09:21:06+00:00\" \/>\n<meta property=\"og:image\" content=\"https:\/\/www.hoteltymad.com\/wp-content\/uploads\/2025\/03\/hotel_spa_tymad-1.jpg\" \/>\n\t<meta property=\"og:image:width\" content=\"1420\" \/>\n\t<meta property=\"og:image:height\" content=\"950\" \/>\n\t<meta property=\"og:image:type\" content=\"image\/jpeg\" \/>\n<meta name=\"twitter:card\" content=\"summary_large_image\" \/>\n<meta name=\"twitter:label1\" content=\"Est. reading time\" \/>\n\t<meta name=\"twitter:data1\" content=\"6 minutes\" \/>\n<script type=\"application\/ld+json\" class=\"yoast-schema-graph\">{\"@context\":\"https:\\\/\\\/schema.org\",\"@graph\":[{\"@type\":\"WebPage\",\"@id\":\"https:\\\/\\\/www.hoteltymad.com\\\/politique-de-confidentialite\\\/\",\"url\":\"https:\\\/\\\/www.hoteltymad.com\\\/politique-de-confidentialite\\\/\",\"name\":\"Cookie - Ty Mad - Hotel Spa in Brittany - Douarnenez\",\"isPartOf\":{\"@id\":\"https:\\\/\\\/www.hoteltymad.com\\\/#website\"},\"datePublished\":\"2025-02-20T11:45:14+00:00\",\"dateModified\":\"2025-03-24T09:21:06+00:00\",\"breadcrumb\":{\"@id\":\"https:\\\/\\\/www.hoteltymad.com\\\/politique-de-confidentialite\\\/#breadcrumb\"},\"inLanguage\":\"en-US\",\"potentialAction\":[{\"@type\":\"ReadAction\",\"target\":[\"https:\\\/\\\/www.hoteltymad.com\\\/politique-de-confidentialite\\\/\"]}]},{\"@type\":\"BreadcrumbList\",\"@id\":\"https:\\\/\\\/www.hoteltymad.com\\\/politique-de-confidentialite\\\/#breadcrumb\",\"itemListElement\":[{\"@type\":\"ListItem\",\"position\":1,\"name\":\"Accueil\",\"item\":\"https:\\\/\\\/www.hoteltymad.com\\\/\"},{\"@type\":\"ListItem\",\"position\":2,\"name\":\"Cookie\"}]},{\"@type\":\"WebSite\",\"@id\":\"https:\\\/\\\/www.hoteltymad.com\\\/#website\",\"url\":\"https:\\\/\\\/www.hoteltymad.com\\\/\",\"name\":\"Ty Mad - Hotel Spa in Brittany - Douarnenez\",\"description\":\"\",\"publisher\":{\"@id\":\"https:\\\/\\\/www.hoteltymad.com\\\/#organization\"},\"potentialAction\":[{\"@type\":\"SearchAction\",\"target\":{\"@type\":\"EntryPoint\",\"urlTemplate\":\"https:\\\/\\\/www.hoteltymad.com\\\/?s={search_term_string}\"},\"query-input\":{\"@type\":\"PropertyValueSpecification\",\"valueRequired\":true,\"valueName\":\"search_term_string\"}}],\"inLanguage\":\"en-US\"},{\"@type\":\"Organization\",\"@id\":\"https:\\\/\\\/www.hoteltymad.com\\\/#organization\",\"name\":\"Ty Mad - Hotel Spa in Brittany - Douarnenez\",\"url\":\"https:\\\/\\\/www.hoteltymad.com\\\/\",\"logo\":{\"@type\":\"ImageObject\",\"inLanguage\":\"en-US\",\"@id\":\"https:\\\/\\\/www.hoteltymad.com\\\/#\\\/schema\\\/logo\\\/image\\\/\",\"url\":\"https:\\\/\\\/www.hoteltymad.com\\\/wp-content\\\/uploads\\\/2025\\\/02\\\/logo_hotel_ty_mad.png\",\"contentUrl\":\"https:\\\/\\\/www.hoteltymad.com\\\/wp-content\\\/uploads\\\/2025\\\/02\\\/logo_hotel_ty_mad.png\",\"width\":300,\"height\":160,\"caption\":\"Ty Mad - Hotel Spa in Brittany - Douarnenez\"},\"image\":{\"@id\":\"https:\\\/\\\/www.hoteltymad.com\\\/#\\\/schema\\\/logo\\\/image\\\/\"}}]}<\/script>\n<!-- \/ Yoast SEO plugin. -->","yoast_head_json":{"title":"Cookie - Ty Mad - Hotel Spa in Brittany - Douarnenez","robots":{"index":"index","follow":"follow","max-snippet":"max-snippet:-1","max-image-preview":"max-image-preview:large","max-video-preview":"max-video-preview:-1"},"canonical":"https:\/\/www.hoteltymad.com\/politique-de-confidentialite\/","og_locale":"en_US","og_type":"article","og_title":"Cookie - Ty Mad - Hotel Spa in Brittany - Douarnenez","og_description":"Qui sommes-nous\u00a0? Texte sugg\u00e9r\u00e9\u00a0: L\u2019adresse de notre site est\u00a0: https:\/\/www.hoteltymad.com\/v2025. Commentaires Texte sugg\u00e9r\u00e9\u00a0: Quand vous laissez un commentaire sur notre site, les donn\u00e9es inscrites dans le formulaire de commentaire, ainsi que votre adresse IP et l\u2019agent utilisateur de votre navigateur sont collect\u00e9s pour nous aider \u00e0 la d\u00e9tection des commentaires ind\u00e9sirables. Une cha\u00eene anonymis\u00e9e cr\u00e9\u00e9e [&hellip;]","og_url":"https:\/\/www.hoteltymad.com\/politique-de-confidentialite\/","og_site_name":"Ty Mad - Hotel Spa in Brittany - Douarnenez","article_modified_time":"2025-03-24T09:21:06+00:00","og_image":[{"width":1420,"height":950,"url":"https:\/\/www.hoteltymad.com\/wp-content\/uploads\/2025\/03\/hotel_spa_tymad-1.jpg","type":"image\/jpeg"}],"twitter_card":"summary_large_image","twitter_misc":{"Est. reading time":"6 minutes"},"schema":{"@context":"https:\/\/schema.org","@graph":[{"@type":"WebPage","@id":"https:\/\/www.hoteltymad.com\/politique-de-confidentialite\/","url":"https:\/\/www.hoteltymad.com\/politique-de-confidentialite\/","name":"Cookie - Ty Mad - Hotel Spa in Brittany - Douarnenez","isPartOf":{"@id":"https:\/\/www.hoteltymad.com\/#website"},"datePublished":"2025-02-20T11:45:14+00:00","dateModified":"2025-03-24T09:21:06+00:00","breadcrumb":{"@id":"https:\/\/www.hoteltymad.com\/politique-de-confidentialite\/#breadcrumb"},"inLanguage":"en-US","potentialAction":[{"@type":"ReadAction","target":["https:\/\/www.hoteltymad.com\/politique-de-confidentialite\/"]}]},{"@type":"BreadcrumbList","@id":"https:\/\/www.hoteltymad.com\/politique-de-confidentialite\/#breadcrumb","itemListElement":[{"@type":"ListItem","position":1,"name":"Accueil","item":"https:\/\/www.hoteltymad.com\/"},{"@type":"ListItem","position":2,"name":"Cookie"}]},{"@type":"WebSite","@id":"https:\/\/www.hoteltymad.com\/#website","url":"https:\/\/www.hoteltymad.com\/","name":"Ty Mad - Hotel Spa in Brittany - Douarnenez","description":"","publisher":{"@id":"https:\/\/www.hoteltymad.com\/#organization"},"potentialAction":[{"@type":"SearchAction","target":{"@type":"EntryPoint","urlTemplate":"https:\/\/www.hoteltymad.com\/?s={search_term_string}"},"query-input":{"@type":"PropertyValueSpecification","valueRequired":true,"valueName":"search_term_string"}}],"inLanguage":"en-US"},{"@type":"Organization","@id":"https:\/\/www.hoteltymad.com\/#organization","name":"Ty Mad - Hotel Spa in Brittany - Douarnenez","url":"https:\/\/www.hoteltymad.com\/","logo":{"@type":"ImageObject","inLanguage":"en-US","@id":"https:\/\/www.hoteltymad.com\/#\/schema\/logo\/image\/","url":"https:\/\/www.hoteltymad.com\/wp-content\/uploads\/2025\/02\/logo_hotel_ty_mad.png","contentUrl":"https:\/\/www.hoteltymad.com\/wp-content\/uploads\/2025\/02\/logo_hotel_ty_mad.png","width":300,"height":160,"caption":"Ty Mad - Hotel Spa in Brittany - Douarnenez"},"image":{"@id":"https:\/\/www.hoteltymad.com\/#\/schema\/logo\/image\/"}}]}},"_links":{"self":[{"href":"https:\/\/www.hoteltymad.com\/en\/wp-json\/wp\/v2\/pages\/3324","targetHints":{"allow":["GET"]}}],"collection":[{"href":"https:\/\/www.hoteltymad.com\/en\/wp-json\/wp\/v2\/pages"}],"about":[{"href":"https:\/\/www.hoteltymad.com\/en\/wp-json\/wp\/v2\/types\/page"}],"author":[{"embeddable":true,"href":"https:\/\/www.hoteltymad.com\/en\/wp-json\/wp\/v2\/users\/2"}],"replies":[{"embeddable":true,"href":"https:\/\/www.hoteltymad.com\/en\/wp-json\/wp\/v2\/comments?post=3324"}],"version-history":[{"count":10,"href":"https:\/\/www.hoteltymad.com\/en\/wp-json\/wp\/v2\/pages\/3324\/revisions"}],"predecessor-version":[{"id":3446,"href":"https:\/\/www.hoteltymad.com\/en\/wp-json\/wp\/v2\/pages\/3324\/revisions\/3446"}],"wp:attachment":[{"href":"https:\/\/www.hoteltymad.com\/en\/wp-json\/wp\/v2\/media?parent=3324"}],"curies":[{"name":"wp","href":"https:\/\/api.w.org\/{rel}","templated":true}]}}